{"id":3084,"date":"2023-02-01T11:07:02","date_gmt":"2023-02-01T14:07:02","guid":{"rendered":"http:\/\/localhost:8008\/?page_id=3084"},"modified":"2023-08-23T11:23:01","modified_gmt":"2023-08-23T14:23:01","slug":"repositorio","status":"publish","type":"page","link":"https:\/\/www.santaluzia.mg.gov.br\/nllc\/?page_id=3084","title":{"rendered":"Reposit\u00f3rio"},"content":{"rendered":"\t\t<div data-elementor-type=\"wp-page\" data-elementor-id=\"3084\" class=\"elementor elementor-3084\">\n\t\t\t\t\t\t\t\t\t<section class=\"elementor-section elementor-top-section elementor-element elementor-element-7d25429 elementor-section-content-top elementor-section-stretched elementor-section-boxed elementor-section-height-default elementor-section-height-default wpr-particle-no wpr-jarallax-no wpr-parallax-no wpr-sticky-section-no\" data-id=\"7d25429\" data-element_type=\"section\" data-settings=\"{&quot;background_background&quot;:&quot;classic&quot;,&quot;stretch_section&quot;:&quot;section-stretched&quot;}\">\n\t\t\t\t\t\t<div class=\"elementor-container elementor-column-gap-no\">\n\t\t\t\t\t<div class=\"elementor-column elementor-col-100 elementor-top-column elementor-element elementor-element-790593b\" data-id=\"790593b\" data-element_type=\"column\">\n\t\t\t<div class=\"elementor-widget-wrap elementor-element-populated\">\n\t\t\t\t\t\t\t\t<div class=\"elementor-element elementor-element-18a0aa3 wpr-fancy-text-slide elementor-widget__width-initial elementor-absolute wpr-advanced-text-style-animated wpr-animated-text-infinite-yes elementor-widget elementor-widget-wpr-advanced-text\" data-id=\"18a0aa3\" data-element_type=\"widget\" data-settings=\"{&quot;_position&quot;:&quot;absolute&quot;,&quot;anim_loop&quot;:&quot;yes&quot;}\" data-widget_type=\"wpr-advanced-text.default\">\n\t\t\t\t<div class=\"elementor-widget-container\">\n\t\t\t\n\t\t<h3 class=\"wpr-advanced-text\">\n\n\t\t\t\t\t\n\t\t\t\t\t\t\t<span class=\"wpr-advanced-text-preffix\">Modelos:<\/span>\n\t\t\t\n\t\t<span class=\"wpr-anim-text wpr-anim-text-type-slide\" data-anim-duration=\"1000,2000\" data-anim-loop=\"yes\">\n\t\t\t<span class=\"wpr-anim-text-inner\">\n\t\t\t\t\t\t\t\t\t<b>DFD<\/b>\n\t\t\t\t\t\t\t\t\t<b>ETP<\/b>\n\t\t\t\t\t\t\t\t\t<b>Termos de Refer\u00eancia<\/b>\n\t\t\t\t\t\t\t\t\t<b>Editais<\/b>\n\t\t\t\t\t\t\t<\/span>\n\t\t\t\t\t<\/span>\n\n\t\t\t\t\n\t\t<\/h3>\n\t\t\n\t\t\t\t<\/div>\n\t\t\t\t<\/div>\n\t\t\t\t\t<\/div>\n\t\t<\/div>\n\t\t\t\t\t\t\t<\/div>\n\t\t<\/section>\n\t\t\t\t<section class=\"elementor-section elementor-top-section elementor-element elementor-element-0ec0966 elementor-reverse-tablet elementor-reverse-mobile elementor-section-boxed elementor-section-height-default elementor-section-height-default wpr-particle-no wpr-jarallax-no wpr-parallax-no wpr-sticky-section-no\" data-id=\"0ec0966\" data-element_type=\"section\">\n\t\t\t\t\t\t<div class=\"elementor-container elementor-column-gap-default\">\n\t\t\t\t\t<div class=\"elementor-column elementor-col-50 elementor-top-column elementor-element elementor-element-0935cd2\" data-id=\"0935cd2\" data-element_type=\"column\">\n\t\t\t<div class=\"elementor-widget-wrap elementor-element-populated\">\n\t\t\t\t\t\t\t\t<div class=\"elementor-element elementor-element-b2ac915 elementor-widget elementor-widget-text-editor\" data-id=\"b2ac915\" data-element_type=\"widget\" data-widget_type=\"text-editor.default\">\n\t\t\t\t<div class=\"elementor-widget-container\">\n\t\t\t<style>\/*! elementor - v3.15.0 - 20-08-2023 *\/\n.elementor-widget-text-editor.elementor-drop-cap-view-stacked .elementor-drop-cap{background-color:#69727d;color:#fff}.elementor-widget-text-editor.elementor-drop-cap-view-framed .elementor-drop-cap{color:#69727d;border:3px solid;background-color:transparent}.elementor-widget-text-editor:not(.elementor-drop-cap-view-default) .elementor-drop-cap{margin-top:8px}.elementor-widget-text-editor:not(.elementor-drop-cap-view-default) .elementor-drop-cap-letter{width:1em;height:1em}.elementor-widget-text-editor .elementor-drop-cap{float:left;text-align:center;line-height:1;font-size:50px}.elementor-widget-text-editor .elementor-drop-cap-letter{display:inline-block}<\/style>\t\t\t\t<p><br><\/p><p><br><\/p><p><br><\/p><p><br><\/p><p><br><\/p><p><br><\/p><p><br><\/p><p>Modelos de Editais e de artefatos de planejamento de compras aprovados pela Procuradoria-Geral do Munic\u00edpio<\/p>\t\t\t\t\t\t<\/div>\n\t\t\t\t<\/div>\n\t\t\t\t<div class=\"elementor-element elementor-element-61996f8 elementor-widget__width-initial elementor-absolute elementor-widget elementor-widget-image-carousel\" data-id=\"61996f8\" data-element_type=\"widget\" data-settings=\"{&quot;slides_to_show&quot;:&quot;1&quot;,&quot;slides_to_show_tablet&quot;:&quot;6&quot;,&quot;slides_to_show_mobile&quot;:&quot;2&quot;,&quot;navigation&quot;:&quot;none&quot;,&quot;_position&quot;:&quot;absolute&quot;,&quot;autoplay&quot;:&quot;yes&quot;,&quot;pause_on_hover&quot;:&quot;yes&quot;,&quot;pause_on_interaction&quot;:&quot;yes&quot;,&quot;autoplay_speed&quot;:5000,&quot;infinite&quot;:&quot;yes&quot;,&quot;effect&quot;:&quot;slide&quot;,&quot;speed&quot;:500,&quot;image_spacing_custom_tablet&quot;:{&quot;unit&quot;:&quot;px&quot;,&quot;size&quot;:&quot;&quot;,&quot;sizes&quot;:[]},&quot;image_spacing_custom_mobile&quot;:{&quot;unit&quot;:&quot;px&quot;,&quot;size&quot;:&quot;&quot;,&quot;sizes&quot;:[]}}\" data-widget_type=\"image-carousel.default\">\n\t\t\t\t<div class=\"elementor-widget-container\">\n\t\t\t<style>\/*! elementor - v3.15.0 - 20-08-2023 *\/\n.elementor-widget-image-carousel .swiper,.elementor-widget-image-carousel .swiper-container{position:static}.elementor-widget-image-carousel .swiper-container .swiper-slide figure,.elementor-widget-image-carousel .swiper .swiper-slide figure{line-height:inherit}.elementor-widget-image-carousel .swiper-slide{text-align:center}.elementor-image-carousel-wrapper:not(.swiper-container-initialized):not(.swiper-initialized) .swiper-slide{max-width:calc(100% \/ var(--e-image-carousel-slides-to-show, 3))}<\/style>\t\t<div class=\"elementor-image-carousel-wrapper swiper-container\" dir=\"rtl\">\n\t\t\t<div class=\"elementor-image-carousel swiper-wrapper\" aria-live=\"off\">\n\t\t\t\t\t\t\t\t<div class=\"swiper-slide\" role=\"group\" aria-roledescription=\"slide\" aria-label=\"1 of 1\"><figure class=\"swiper-slide-inner\"><img decoding=\"async\" class=\"swiper-slide-image\" src=\"\/nllc\/wp-content\/uploads\/2023\/01\/documento_icons.png\" alt=\"documento_icons\" \/><\/figure><\/div>\t\t\t<\/div>\n\t\t\t\t\t<\/div>\n\t\t\t\t<\/div>\n\t\t\t\t<\/div>\n\t\t\t\t<div class=\"elementor-element elementor-element-5b71d11 elementor-widget__width-initial elementor-absolute elementor-widget elementor-widget-image-carousel\" data-id=\"5b71d11\" data-element_type=\"widget\" data-settings=\"{&quot;slides_to_show&quot;:&quot;1&quot;,&quot;slides_to_show_tablet&quot;:&quot;6&quot;,&quot;slides_to_show_mobile&quot;:&quot;2&quot;,&quot;navigation&quot;:&quot;none&quot;,&quot;_position&quot;:&quot;absolute&quot;,&quot;autoplay&quot;:&quot;yes&quot;,&quot;pause_on_hover&quot;:&quot;yes&quot;,&quot;pause_on_interaction&quot;:&quot;yes&quot;,&quot;autoplay_speed&quot;:5000,&quot;infinite&quot;:&quot;yes&quot;,&quot;effect&quot;:&quot;slide&quot;,&quot;speed&quot;:500,&quot;image_spacing_custom_tablet&quot;:{&quot;unit&quot;:&quot;px&quot;,&quot;size&quot;:&quot;&quot;,&quot;sizes&quot;:[]},&quot;image_spacing_custom_mobile&quot;:{&quot;unit&quot;:&quot;px&quot;,&quot;size&quot;:&quot;&quot;,&quot;sizes&quot;:[]}}\" data-widget_type=\"image-carousel.default\">\n\t\t\t\t<div class=\"elementor-widget-container\">\n\t\t\t\t\t<div class=\"elementor-image-carousel-wrapper swiper-container\" dir=\"rtl\">\n\t\t\t<div class=\"elementor-image-carousel swiper-wrapper\" aria-live=\"off\">\n\t\t\t\t\t\t\t\t<div class=\"swiper-slide\" role=\"group\" aria-roledescription=\"slide\" aria-label=\"1 of 1\"><figure class=\"swiper-slide-inner\"><img decoding=\"async\" class=\"swiper-slide-image\" src=\"\/nllc\/wp-content\/uploads\/2023\/01\/documento_icons.png\" alt=\"documento_icons\" \/><\/figure><\/div>\t\t\t<\/div>\n\t\t\t\t\t<\/div>\n\t\t\t\t<\/div>\n\t\t\t\t<\/div>\n\t\t\t\t\t<\/div>\n\t\t<\/div>\n\t\t\t\t<div class=\"elementor-column elementor-col-50 elementor-top-column elementor-element elementor-element-bf9e2f0\" data-id=\"bf9e2f0\" data-element_type=\"column\">\n\t\t\t<div class=\"elementor-widget-wrap elementor-element-populated\">\n\t\t\t\t\t\t\t\t<div class=\"elementor-element elementor-element-25a0938 wpr-switcher-style-dual wpr-switcher-label-style-outer wpr-switcher-icon-position-right elementor-widget elementor-widget-wpr-content-toggle\" data-id=\"25a0938\" data-element_type=\"widget\" data-widget_type=\"wpr-content-toggle.default\">\n\t\t\t\t<div class=\"elementor-widget-container\">\n\t\t\t<div class=\"wpr-content-toggle\">\n\t\t<div class=\"wpr-switcher-container\" data-active-switcher=\"1\">\n\n\t\t\t\n\t\t<div class=\"wpr-switcher-inner wpr-switcher-first\">\n\t\t\t\t\t\t<div class=\"wpr-switcher-label\">Sobre o reposit\u00f3rio<\/div>\n\t\t\t\n\t\t\t\t\t<\/div>\n\n\t\t<div class=\"wpr-switcher-outer\">\n\t\t\t<div class=\"wpr-switcher-wrap\">\n\t\t\t\t<div class=\"wpr-switcher\" data-switcher=\"1\"><\/div>\n\n\t\t\t\t<div class=\"wpr-switcher\" data-switcher=\"2\"><\/div>\n\n\t\t\t\t<div class=\"wpr-switcher-bg\"><\/div>\n\t\t\t<\/div>\n\t\t<\/div>\n\n\t\t<div class=\"wpr-switcher-inner wpr-switcher-second\">\n\t\t\t\t\t\t<div class=\"wpr-switcher-label\">A quem se destina<\/div>\n\t\t\t\n\t\t\t\t\t<\/div>\n\n\t\t\n\t\t<\/div>\n\n\t\t<div class=\"wpr-switcher-content-wrap\">\n\t\t\t\n\t\t\t<div class=\"wpr-switcher-content\" data-switcher=\"1\">\n\t\t\t\t<div class=\"wpr-switcher-content-inner wpr-anim-size-large wpr-overlay-none\"><p>Criamos esse reposit\u00f3rio com o objetivo de disponibilizar documentos que servir\u00e3o como modelos para edi\u00e7\u00e3o de novos arquivos. Clique na listagem abaixo para visualizar os <b>modelos dispon\u00edveis:<\/b><\/p><\/div>\t\t\t<\/div>\n\n\t\t\t<div class=\"wpr-switcher-content\" data-switcher=\"2\">\n\t\t\t\t<div class=\"wpr-switcher-content-inner wpr-anim-size-large wpr-overlay-none\"><div lang=\"x-unicode\"><div dir=\"auto\"><div dir=\"auto\">O reposit\u00f3rio destina-se \u00e0 sociedade,\u00a0 pra fins de controle social, bem como aos agentes p\u00fablicos, com o fito de contribuir para a efici\u00eancia, efic\u00e1cia e efetividade das contrata\u00e7\u00f5es p\u00fablicas.\u00a0<\/div><div dir=\"auto\">Os \u00f3rg\u00e3os de controle tamb\u00e9m poder\u00e3o acessar a ferramenta, pra fins de fiscaliza\u00e7\u00e3o.<\/div><div dir=\"auto\">P\u00fablico-alvo do reposit\u00f3rio:<\/div><div dir=\"auto\">\u00a0<\/div><div dir=\"auto\">- Sociedade em geral<\/div><div dir=\"auto\">- \u00d3rg\u00e3os de controle<\/div><div dir=\"auto\">- Agentes p\u00fablicos do munic\u00edpio de Santa Luzia<\/div><\/div><\/div><\/div>\t\t\t<\/div>\n\n\t\t<\/div>\n\n\t\t<\/div>\t\t<\/div>\n\t\t\t\t<\/div>\n\t\t\t\t\t<\/div>\n\t\t<\/div>\n\t\t\t\t\t\t\t<\/div>\n\t\t<\/section>\n\t\t\t\t<section class=\"elementor-section elementor-top-section elementor-element elementor-element-00b3f32 elementor-section-boxed elementor-section-height-default elementor-section-height-default wpr-particle-no wpr-jarallax-no wpr-parallax-no wpr-sticky-section-no\" data-id=\"00b3f32\" data-element_type=\"section\">\n\t\t\t\t\t\t<div class=\"elementor-container elementor-column-gap-default\">\n\t\t\t\t\t<div class=\"elementor-column elementor-col-100 elementor-top-column elementor-element elementor-element-8cdd8e3\" data-id=\"8cdd8e3\" data-element_type=\"column\">\n\t\t\t<div class=\"elementor-widget-wrap\">\n\t\t\t\t\t\t\t\t\t<\/div>\n\t\t<\/div>\n\t\t\t\t\t\t\t<\/div>\n\t\t<\/section>\n\t\t\t\t<section class=\"elementor-section elementor-top-section elementor-element elementor-element-2172eef elementor-section-boxed elementor-section-height-default elementor-section-height-default wpr-particle-no wpr-jarallax-no wpr-parallax-no wpr-sticky-section-no\" data-id=\"2172eef\" data-element_type=\"section\">\n\t\t\t\t\t\t<div class=\"elementor-container elementor-column-gap-default\">\n\t\t\t\t\t<div class=\"elementor-column elementor-col-100 elementor-top-column elementor-element elementor-element-f723679\" data-id=\"f723679\" data-element_type=\"column\">\n\t\t\t<div class=\"elementor-widget-wrap elementor-element-populated\">\n\t\t\t\t\t\t\t\t<div class=\"elementor-element elementor-element-26c6db1 elementor-grid-eael-col-1 elementor-grid-tablet-eael-col-2 elementor-grid-mobile-eael-col-1 elementor-widget elementor-widget-eael-post-grid\" data-id=\"26c6db1\" data-element_type=\"widget\" data-settings=\"{&quot;eael_post_grid_columns&quot;:&quot;eael-col-1&quot;,&quot;eael_post_grid_columns_tablet&quot;:&quot;eael-col-2&quot;,&quot;eael_post_grid_columns_mobile&quot;:&quot;eael-col-1&quot;}\" data-widget_type=\"eael-post-grid.default\">\n\t\t\t\t<div class=\"elementor-widget-container\">\n\t\t\t<div id=\"eael-post-grid-26c6db1\" class=\"eael-post-grid-container\">\n            <div class=\"eael-post-grid eael-post-appender eael-post-appender-26c6db1 eael-post-grid-style-three\" data-layout-mode=\"grid\"><article class=\"eael-grid-post eael-post-grid-column\" data-id=\"5496\">\n        <div class=\"eael-grid-post-holder\">\n            <div class=\"eael-grid-post-holder-inner\"><div class=\"eael-entry-wrapper\"><header class=\"eael-entry-header\"><h2 class=\"eael-entry-title\"><a\n                        class=\"eael-grid-post-link\"\n                        href=\"https:\/\/www.santaluzia.mg.gov.br\/nllc\/?licitacao=lei-14-133-2021\"\n                        title=\"LEI 14.133\/2021\">LEI 14.133\/2021<\/a><\/h2><\/header><div class=\"eael-entry-meta\"><span class=\"eael-posted-on\"><time datetime=\"14 de agosto de 2024\">14 de agosto de 2024<\/time><\/span><\/div><div class=\"eael-entry-content\">\n                        <div class=\"eael-grid-post-excerpt\"><p>LEI 14133\/2021 \u2013 ANOTADA \u2013 PROCURADORIA-GERAL DO MUNIC\u00cdPIO LEI 14.133\/2021...<\/p><a\n                            href=\"https:\/\/www.santaluzia.mg.gov.br\/nllc\/?licitacao=lei-14-133-2021\"\n                            class=\"eael-post-elements-readmore-btn\">Ler<\/a><\/div>\n                    <\/div><\/div><\/div>\n        <\/div>\n    <\/article><article class=\"eael-grid-post eael-post-grid-column\" data-id=\"5359\">\n        <div class=\"eael-grid-post-holder\">\n            <div class=\"eael-grid-post-holder-inner\"><div class=\"eael-entry-wrapper\"><header class=\"eael-entry-header\"><h2 class=\"eael-entry-title\"><a\n                        class=\"eael-grid-post-link\"\n                        href=\"https:\/\/www.santaluzia.mg.gov.br\/nllc\/?licitacao=modelos-para-tic-tecnologia-da-informacao-e-comunicacao\"\n                        title=\"Modelos para TIC &#8211; Tecnologia da Informa\u00e7\u00e3o e Comunica\u00e7\u00e3o\">Modelos para TIC &#8211; Tecnologia da Informa\u00e7\u00e3o e Comunica\u00e7\u00e3o<\/a><\/h2><\/header><div class=\"eael-entry-meta\"><span class=\"eael-posted-on\"><time datetime=\"4 de setembro de 2023\">4 de setembro de 2023<\/time><\/span><\/div><div class=\"eael-entry-content\">\n                        <div class=\"eael-grid-post-excerpt\"><p>TEMPLATES E LISTAS DE VERIFICA\u00c7\u00c3O<\/p><a\n                            href=\"https:\/\/www.santaluzia.mg.gov.br\/nllc\/?licitacao=modelos-para-tic-tecnologia-da-informacao-e-comunicacao\"\n                            class=\"eael-post-elements-readmore-btn\">Ler<\/a><\/div>\n                    <\/div><\/div><\/div>\n        <\/div>\n    <\/article><article class=\"eael-grid-post eael-post-grid-column\" data-id=\"5337\">\n        <div class=\"eael-grid-post-holder\">\n            <div class=\"eael-grid-post-holder-inner\"><div class=\"eael-entry-wrapper\"><header class=\"eael-entry-header\"><h2 class=\"eael-entry-title\"><a\n                        class=\"eael-grid-post-link\"\n                        href=\"https:\/\/www.santaluzia.mg.gov.br\/nllc\/?licitacao=declaracao-de-conformidade-com-modelo-oficial-decreto-no-4-200-2023\"\n                        title=\"Modelos pr\u00f3prios &#8211; Prefeitura\">Modelos pr\u00f3prios &#8211; Prefeitura<\/a><\/h2><\/header><div class=\"eael-entry-meta\"><span class=\"eael-posted-on\"><time datetime=\"29 de agosto de 2023\">29 de agosto de 2023<\/time><\/span><\/div><div class=\"eael-entry-content\">\n                        <div class=\"eael-grid-post-excerpt\"><p>DECLARA\u00c7\u00c3O DE CONFORMIDADE.docx DECLARA\u00c7\u00c3O DE CONFORMIDADE.pdf DFD_REV.4.docx DFD_REV.4.pdf ETP_v2_05_2025.docx ETP_v2_05_2025.pdf...<\/p><a\n                            href=\"https:\/\/www.santaluzia.mg.gov.br\/nllc\/?licitacao=declaracao-de-conformidade-com-modelo-oficial-decreto-no-4-200-2023\"\n                            class=\"eael-post-elements-readmore-btn\">Ler<\/a><\/div>\n                    <\/div><\/div><\/div>\n        <\/div>\n    <\/article><article class=\"eael-grid-post eael-post-grid-column\" data-id=\"5293\">\n        <div class=\"eael-grid-post-holder\">\n            <div class=\"eael-grid-post-holder-inner\"><div class=\"eael-entry-wrapper\"><header class=\"eael-entry-header\"><h2 class=\"eael-entry-title\"><a\n                        class=\"eael-grid-post-link\"\n                        href=\"https:\/\/www.santaluzia.mg.gov.br\/nllc\/?licitacao=modelos-agu\"\n                        title=\"Cat\u00e1logo Eletr\u00f4nico de Padroniza\u00e7\u00e3o e Modelos AGU\">Cat\u00e1logo Eletr\u00f4nico de Padroniza\u00e7\u00e3o e Modelos AGU<\/a><\/h2><\/header><div class=\"eael-entry-meta\"><span class=\"eael-posted-on\"><time datetime=\"7 de junho de 2023\">7 de junho de 2023<\/time><\/span><\/div><div class=\"eael-entry-content\">\n                        <div class=\"eael-grid-post-excerpt\"><p>Itens padronizados Modelos &#8211; Advocacia-Geral da Uni\u00e3o<\/p><a\n                            href=\"https:\/\/www.santaluzia.mg.gov.br\/nllc\/?licitacao=modelos-agu\"\n                            class=\"eael-post-elements-readmore-btn\">Ler<\/a><\/div>\n                    <\/div><\/div><\/div>\n        <\/div>\n    <\/article><\/div>\n            <div class=\"clearfix\"><\/div>\n        <\/div>\t\t<\/div>\n\t\t\t\t<\/div>\n\t\t\t\t\t<\/div>\n\t\t<\/div>\n\t\t\t\t\t\t\t<\/div>\n\t\t<\/section>\n\t\t\t\t\t\t\t<\/div>\n\t\t","protected":false},"excerpt":{"rendered":"<p>Modelos: DFD ETP Termos de Refer\u00eancia Editais Modelos de Editais e de artefatos de planejamento de compras aprovados pela Procuradoria-Geral do Munic\u00edpio Sobre o reposit\u00f3rio A quem se destina Criamos esse reposit\u00f3rio com o objetivo de disponibilizar documentos que servir\u00e3o como modelos para edi\u00e7\u00e3o de novos arquivos. Clique na listagem abaixo para visualizar os modelos&hellip; <a class=\"more-link\" href=\"https:\/\/www.santaluzia.mg.gov.br\/nllc\/?licitacao=modelos-agu\">Continuar lendo <span class=\"screen-reader-text\">Cat\u00e1logo Eletr\u00f4nico de Padroniza\u00e7\u00e3o e Modelos AGU<\/span><\/a><\/p>\n","protected":false},"author":1,"featured_media":0,"parent":0,"menu_order":0,"comment_status":"closed","ping_status":"closed","template":"elementor_canvas","meta":{"footnotes":""},"acf":[],"_links":{"self":[{"href":"https:\/\/www.santaluzia.mg.gov.br\/nllc\/index.php?rest_route=\/wp\/v2\/pages\/3084"}],"collection":[{"href":"https:\/\/www.santaluzia.mg.gov.br\/nllc\/index.php?rest_route=\/wp\/v2\/pages"}],"about":[{"href":"https:\/\/www.santaluzia.mg.gov.br\/nllc\/index.php?rest_route=\/wp\/v2\/types\/page"}],"author":[{"embeddable":true,"href":"https:\/\/www.santaluzia.mg.gov.br\/nllc\/index.php?rest_route=\/wp\/v2\/users\/1"}],"replies":[{"embeddable":true,"href":"https:\/\/www.santaluzia.mg.gov.br\/nllc\/index.php?rest_route=%2Fwp%2Fv2%2Fcomments&post=3084"}],"version-history":[{"count":147,"href":"https:\/\/www.santaluzia.mg.gov.br\/nllc\/index.php?rest_route=\/wp\/v2\/pages\/3084\/revisions"}],"predecessor-version":[{"id":5333,"href":"https:\/\/www.santaluzia.mg.gov.br\/nllc\/index.php?rest_route=\/wp\/v2\/pages\/3084\/revisions\/5333"}],"wp:attachment":[{"href":"https:\/\/www.santaluzia.mg.gov.br\/nllc\/index.php?rest_route=%2Fwp%2Fv2%2Fmedia&parent=3084"}],"curies":[{"name":"wp","href":"https:\/\/api.w.org\/{rel}","templated":true}]}}